{"id":1373,"date":"2024-06-30T19:44:24","date_gmt":"2024-06-30T17:44:24","guid":{"rendered":"https:\/\/kangurutrampolin.de\/2024\/home\/"},"modified":"2024-07-14T18:34:12","modified_gmt":"2024-07-14T16:34:12","slug":"home","status":"publish","type":"page","link":"https:\/\/kangurutrampolin.de\/2024\/","title":{"rendered":"Home"},"content":{"rendered":"\n<div class=\"wp-block-uagb-slider uagb-block-e1ea002b uagb-slider-container\"><div class=\"uagb-slides uagb-swiper\"><div class=\"swiper-wrapper\">\n<div class=\"wp-block-uagb-slider-child uagb-slider-child-wrap swiper-slide uagb-block-58e162b1\"><div class=\"swiper-content\">\n<div class=\"wp-block-uagb-container uagb-block-a4cbf8a1 alignfull uagb-is-root-container\"><div class=\"uagb-container-inner-blocks-wrap\">\n<div class=\"wp-block-uagb-info-box uagb-block-aad25f10 uagb-infobox__content-wrap  uagb-infobox-icon-below-title uagb-infobox-image-valign-top\"><div class=\"uagb-ifb-content\"><div class=\"uagb-ifb-title-wrap\"><\/div><div class=\"uagb-ifb-image-content\"><img decoding=\"async\" src=\"https:\/\/kangurutrampolin.de\/2024\/wp-content\/uploads\/2024\/07\/01-1-1024x415.jpg\" alt=\"\" width=\"\" height=\"0\" loading=\"lazy\"\/><\/div><\/div><\/div>\n<\/div><\/div>\n<\/div><\/div>\n\n\n\n<div class=\"wp-block-uagb-slider-child uagb-slider-child-wrap swiper-slide uagb-block-908f3c47\"><div class=\"swiper-content\">\n<div class=\"wp-block-uagb-container uagb-block-dae6d073 alignfull uagb-is-root-container\"><div class=\"uagb-container-inner-blocks-wrap\">\n<div class=\"wp-block-uagb-info-box uagb-block-bbee76e5 uagb-infobox__content-wrap  uagb-infobox-icon-below-title uagb-infobox-image-valign-top\"><div class=\"uagb-ifb-content\"><div class=\"uagb-ifb-title-wrap\"><\/div><div class=\"uagb-ifb-image-content\"><img decoding=\"async\" src=\"https:\/\/kangurutrampolin.de\/2024\/wp-content\/uploads\/2024\/07\/02-1-1024x415.jpg\" alt=\"\" width=\"\" height=\"0\" loading=\"lazy\"\/><\/div><\/div><\/div>\n<\/div><\/div>\n<\/div><\/div>\n\n\n\n<div class=\"wp-block-uagb-slider-child uagb-slider-child-wrap swiper-slide uagb-block-34928aff\"><div class=\"swiper-content\">\n<div class=\"wp-block-uagb-container uagb-block-0d99c5fe alignfull uagb-is-root-container\"><div class=\"uagb-container-inner-blocks-wrap\">\n<div class=\"wp-block-uagb-info-box uagb-block-34dc2d07 uagb-infobox__content-wrap  uagb-infobox-icon-below-title uagb-infobox-image-valign-top\"><div class=\"uagb-ifb-content\"><div class=\"uagb-ifb-title-wrap\"><\/div><div class=\"uagb-ifb-image-content\"><img decoding=\"async\" src=\"https:\/\/kangurutrampolin.de\/2024\/wp-content\/uploads\/2024\/07\/03-1-1024x415.jpg\" alt=\"\" width=\"\" height=\"0\" loading=\"lazy\"\/><\/div><\/div><\/div>\n<\/div><\/div>\n<\/div><\/div>\n\n\n\n<div class=\"wp-block-uagb-slider-child uagb-slider-child-wrap swiper-slide uagb-block-beaf7d0b\"><div class=\"swiper-content\">\n<div class=\"wp-block-uagb-container uagb-block-aae8c388 alignfull uagb-is-root-container\"><div class=\"uagb-container-inner-blocks-wrap\">\n<div class=\"wp-block-uagb-info-box uagb-block-bf80a5dc uagb-infobox__content-wrap  uagb-infobox-icon-below-title uagb-infobox-image-valign-top\"><div class=\"uagb-ifb-content\"><div class=\"uagb-ifb-title-wrap\"><h3 class=\"uagb-ifb-title\">Slide 4<\/h3><\/div><div class=\"uagb-ifb-image-content\"><img decoding=\"async\" src=\"https:\/\/kangurutrampolin.de\/2024\/wp-content\/uploads\/2024\/07\/04-1-1024x415.jpg\" alt=\"\" width=\"\" height=\"0\" loading=\"lazy\"\/><\/div><\/div><\/div>\n<\/div><\/div>\n<\/div><\/div>\n\n\n\n<div class=\"wp-block-uagb-slider-child uagb-slider-child-wrap swiper-slide uagb-block-52754519\"><div class=\"swiper-content\">\n<div class=\"wp-block-uagb-container uagb-block-967a6a08 alignfull uagb-is-root-container\"><div class=\"uagb-container-inner-blocks-wrap\">\n<div class=\"wp-block-uagb-info-box uagb-block-3fa3e7d0 uagb-infobox__content-wrap  uagb-infobox-icon-below-title uagb-infobox-image-valign-top\"><div class=\"uagb-ifb-content\"><div class=\"uagb-ifb-title-wrap\"><\/div><div class=\"uagb-ifb-image-content\"><img decoding=\"async\" src=\"https:\/\/kangurutrampolin.de\/2024\/wp-content\/uploads\/2024\/07\/05-1-1024x415.jpg\" alt=\"\" width=\"\" height=\"0\" loading=\"lazy\"\/><\/div><\/div><\/div>\n<\/div><\/div>\n<\/div><\/div>\n\n\n\n<div class=\"wp-block-uagb-slider-child uagb-slider-child-wrap swiper-slide uagb-block-9b592611\"><div class=\"swiper-content\">\n<div class=\"wp-block-uagb-container uagb-block-a7d6bace alignfull uagb-is-root-container\"><div class=\"uagb-container-inner-blocks-wrap\">\n<div class=\"wp-block-uagb-info-box uagb-block-5d1e2445 uagb-infobox__content-wrap  uagb-infobox-icon-below-title uagb-infobox-image-valign-top\"><div class=\"uagb-ifb-content\"><div class=\"uagb-ifb-title-wrap\"><\/div><div class=\"uagb-ifb-image-content\"><img decoding=\"async\" src=\"https:\/\/kangurutrampolin.de\/2024\/wp-content\/uploads\/2024\/07\/06-1-1024x415.jpg\" alt=\"\" width=\"\" height=\"0\" loading=\"lazy\"\/><\/div><\/div><\/div>\n<\/div><\/div>\n<\/div><\/div>\n\n\n\n<div class=\"wp-block-uagb-slider-child uagb-slider-child-wrap swiper-slide uagb-block-8d28857c\"><div class=\"swiper-content\">\n<div class=\"wp-block-uagb-container uagb-block-2a1911da alignfull uagb-is-root-container\"><div class=\"uagb-container-inner-blocks-wrap\">\n<div class=\"wp-block-uagb-info-box uagb-block-f83dde82 uagb-infobox__content-wrap  uagb-infobox-icon-below-title uagb-infobox-image-valign-top\"><div class=\"uagb-ifb-content\"><div class=\"uagb-ifb-title-wrap\"><\/div><div class=\"uagb-ifb-image-content\"><img decoding=\"async\" src=\"https:\/\/kangurutrampolin.de\/2024\/wp-content\/uploads\/2024\/07\/07-1-1024x415.jpg\" alt=\"\" width=\"\" height=\"0\" loading=\"lazy\"\/><\/div><\/div><\/div>\n<\/div><\/div>\n<\/div><\/div>\n<\/div><\/div><div class=\"swiper-pagination\"><\/div><div class=\"swiper-button-prev\"><\/div><div class=\"swiper-button-next\"><\/div><\/div>\n\n\n\n<div class=\"wp-block-uagb-container uagb-block-f0cfa53f alignfull uagb-is-root-container\">\n<div class=\"wp-block-uagb-container uagb-block-c1bd4735\">\n<div class=\"wp-block-uagb-info-box uagb-block-75dd2d71 uagb-infobox__content-wrap  uagb-infobox-icon-above-title uagb-infobox-image-valign-top\"><div class=\"uagb-ifb-content\"><div class=\"uagb-ifb-title-wrap\"><h5 class=\"uagb-ifb-title\">Seit 2000<\/h5><\/div><p class=\"uagb-ifb-desc\">Zum Start ins Millenium er\u00f6ffneten wir unsere erste Kanguru-Anlage am Westbad N\u00fcrnberg. Es war ein unbeschreibliches Gef\u00fchl, so viele Menschen begeistern zu k\u00f6nnen. Immer mehr interessierten sich f\u00fcr das Trampolinspringen.<\/p><\/div><\/div>\n<\/div>\n\n\n\n<div class=\"wp-block-uagb-container uagb-block-d8cf5bd3\">\n<div class=\"wp-block-uagb-info-box uagb-block-8c763421 uagb-infobox__content-wrap  uagb-infobox-icon-above-title uagb-infobox-image-valign-top\"><div class=\"uagb-ifb-content\"><div class=\"uagb-ifb-title-wrap\"><h5 class=\"uagb-ifb-title\">mehr Platz!<\/h5><\/div><p class=\"uagb-ifb-desc\">Die Nachfrage nach dem Springen wurde immer gr\u00f6\u00dfer. Die alleinige Vergr\u00f6\u00dferung unserer Kanguru-Anlage reichte nicht aus. Aus diesem Grund er\u00f6ffneten wir im Jahre 2004 unsere zweite Anlage gegen\u00fcber der FOS 2 beim SG N\u00fcrnberg\/F\u00fcrth.<\/p><\/div><\/div>\n<\/div>\n\n\n\n<div class=\"wp-block-uagb-container uagb-block-555b53d9\">\n<div class=\"wp-block-uagb-info-box uagb-block-61a60cef uagb-infobox__content-wrap  uagb-infobox-icon-above-title uagb-infobox-image-valign-top\"><div class=\"uagb-ifb-content\"><div class=\"uagb-ifb-title-wrap\"><h5 class=\"uagb-ifb-title\">alle guten Dinge&#8230;<\/h5><\/div><p class=\"uagb-ifb-desc\">Es ist ein gutes Gef\u00fchl, dem Kunden Sicherheit vermitteln zu k\u00f6nnen. Doch alle guten Dinge sollen ja bekanntlich drei sein&#8230;<br>&#8230;Deshalb er\u00f6ffneten wir unsere dritte Kanguru-Anlage im Jahre 2010, indem wir die Trampolinanlage am Zeppelinfeld (Dutzendteich) \u00fcbernommen haben.<\/p><\/div><\/div>\n<\/div>\n<\/div>\n\n\n\n<div class=\"wp-block-uagb-container uagb-block-b6f93ec2 alignfull uagb-is-root-container\"><div class=\"uagb-container-inner-blocks-wrap\">\n<div class=\"wp-block-uagb-container uagb-block-f0b55944\">\n<div class=\"wp-block-uagb-advanced-heading uagb-block-5b6110c8\"><h3 class=\"uagb-heading-text\">Gleichgewicht &amp; Rhytmik f\u00f6rdern<\/h3><p class=\"uagb-desc-text\">Die sensomotorische Entwicklung der Kinder kann mit einem Trampolin gef\u00f6rdert werden.<br>Neben Gleichgewichts\u00fcbungen sind auch Rhythmisierungsf\u00e4higkeiten die Grundlage jedes Sprungs.<br>Zus\u00e4tzlich ist eine Orientierungsf\u00e4higkeit f\u00fcr verschiedene Landepositionen und Rotationen nicht wegzudenken. Durch die Variation der Sprungh\u00f6he, der Rotationsgeschwindigkeit oder Winkelstellungen der Gelenke ben\u00f6tigen die Kinder eine hohe Differenzierungsf\u00e4higkeit.<br>Das fortlaufende Be- und Entlasten w\u00e4hrend des Springens regt nicht nur das Herz-Kreislauf-System an, sondern stimuliert auch das Lymphsystem in hohem Ma\u00dfe.<\/p><\/div>\n<\/div>\n\n\n\n<div class=\"wp-block-uagb-container uagb-layout-flex uagb-block-fe79f925\"><\/div>\n<\/div><\/div>\n\n\n\n<div class=\"wp-block-uagb-container uagb-block-30aab17c alignfull uagb-is-root-container\"><div class=\"uagb-container-inner-blocks-wrap\">\n<div class=\"wp-block-uagb-container uagb-block-8b999ba2 alignfull uagb-is-root-container\"><div class=\"uagb-container-inner-blocks-wrap\">\n<div class=\"wp-block-uagb-container uagb-block-d8e4ff52\">\n<div class=\"wp-block-columns is-layout-flex wp-container-core-columns-is-layout-28f84493 wp-block-columns-is-layout-flex\">\n<div class=\"wp-block-column is-layout-flow wp-block-column-is-layout-flow\" style=\"flex-basis:100%\">\n<div class=\"wp-block-uagb-info-box uagb-block-30b9d017 uagb-infobox__content-wrap  uagb-infobox-icon-above-title uagb-infobox-image-valign-top\"><div class=\"uagb-ifb-content\"><div class=\"uagb-ifb-icon-wrap\"><svg xmlns=\"https:\/\/www.w3.org\/2000\/svg\" viewBox=\"0 0 384 512\"><path d=\"M54.63 246.6L192 109.3l137.4 137.4C335.6 252.9 343.8 256 352 256s16.38-3.125 22.62-9.375c12.5-12.5 12.5-32.75 0-45.25l-160-160c-12.5-12.5-32.75-12.5-45.25 0l-160 160c-12.5 12.5-12.5 32.75 0 45.25S42.13 259.1 54.63 246.6zM214.6 233.4c-12.5-12.5-32.75-12.5-45.25 0l-160 160c-12.5 12.5-12.5 32.75 0 45.25s32.75 12.5 45.25 0L192 301.3l137.4 137.4C335.6 444.9 343.8 448 352 448s16.38-3.125 22.62-9.375c12.5-12.5 12.5-32.75 0-45.25L214.6 233.4z\"><\/path><\/svg><\/div><div class=\"uagb-ifb-title-wrap\"><h6 class=\"uagb-ifb-title\">Dutzenteich<\/h6><\/div><p class=\"uagb-ifb-desc\">Saison M\u00e4rz &#8211; November<br>Saisonbeginn ab 15.M\u00e4rz<\/p><\/div><\/div>\n<\/div>\n<\/div>\n<\/div>\n\n\n\n<div class=\"wp-block-uagb-container uagb-block-ae290775\"><\/div>\n\n\n\n<div class=\"wp-block-uagb-container uagb-block-1c8fdf11\">\n<div class=\"wp-block-uagb-info-box uagb-block-7b85ba03 uagb-infobox__content-wrap  uagb-infobox-icon-above-title uagb-infobox-image-valign-top\"><div class=\"uagb-ifb-content\"><div class=\"uagb-ifb-icon-wrap\"><svg xmlns=\"https:\/\/www.w3.org\/2000\/svg\" viewBox=\"0 0 384 512\"><path d=\"M54.63 246.6L192 109.3l137.4 137.4C335.6 252.9 343.8 256 352 256s16.38-3.125 22.62-9.375c12.5-12.5 12.5-32.75 0-45.25l-160-160c-12.5-12.5-32.75-12.5-45.25 0l-160 160c-12.5 12.5-12.5 32.75 0 45.25S42.13 259.1 54.63 246.6zM214.6 233.4c-12.5-12.5-32.75-12.5-45.25 0l-160 160c-12.5 12.5-12.5 32.75 0 45.25s32.75 12.5 45.25 0L192 301.3l137.4 137.4C335.6 444.9 343.8 448 352 448s16.38-3.125 22.62-9.375c12.5-12.5 12.5-32.75 0-45.25L214.6 233.4z\"><\/path><\/svg><\/div><div class=\"uagb-ifb-title-wrap\"><h6 class=\"uagb-ifb-title\">Regelsbacherstr.<\/h6><\/div><p class=\"uagb-ifb-desc\">Saison M\u00e4rz &#8211; November<br>Saisonbeginn ab 15.M\u00e4rz<\/p><\/div><\/div>\n<\/div>\n<\/div><\/div>\n\n\n\n<div class=\"wp-block-uagb-container uagb-block-d394e68d alignfull uagb-is-root-container\"><div class=\"uagb-container-inner-blocks-wrap\">\n<div class=\"wp-block-uagb-container uagb-block-88eb74db\">\n<div class=\"wp-block-uagb-info-box uagb-block-03e4dd65 uagb-infobox__content-wrap  uagb-infobox-icon-above-title uagb-infobox-image-valign-top\"><div class=\"uagb-ifb-content\"><div class=\"uagb-ifb-title-wrap\"><h6 class=\"uagb-ifb-title\">\u00d6ffnungszeiten<\/h6><\/div><p class=\"uagb-ifb-desc\">Montag bis Donnerstag<br>13.00 bis 21:00<br>Freitag<br>13.00 bis 21.30<br>Samstag<br>13.00 bis 21.30<br>Sonn.- und Feiertage<br>11.00 bis 21.00<\/p><\/div><\/div>\n<\/div>\n\n\n\n<div class=\"wp-block-uagb-container uagb-block-b532cd93\"><\/div>\n\n\n\n<div class=\"wp-block-uagb-container uagb-block-4f63dec0\">\n<div class=\"wp-block-uagb-info-box uagb-block-829a1937 uagb-infobox__content-wrap  uagb-infobox-icon-above-title uagb-infobox-image-valign-top\"><div class=\"uagb-ifb-content\"><div class=\"uagb-ifb-title-wrap\"><h6 class=\"uagb-ifb-title\">\u00d6ffnungszeiten<\/h6><\/div><p class=\"uagb-ifb-desc\">Montag bis Donnerstag<br>13.00 bis 21:00<br>Freitag<br>13.00 bis 21.30<br>Samstag<br>13.00 bis 21.30<br>Sonn.- und Feiertage<br>11.00 bis 21.00<\/p><\/div><\/div>\n<\/div>\n<\/div><\/div>\n<\/div><\/div>\n","protected":false},"excerpt":{"rendered":"<p>Gleichgewicht &amp; Rhytmik f\u00f6rdern Die sensomotorische Entwicklung der Kinder kann mit einem Trampolin gef\u00f6rdert werden.Neben Gleichgewichts\u00fcbungen sind auch Rhythmisierungsf\u00e4higkeiten die Grundlage jedes Sprungs.Zus\u00e4tzlich ist eine Orientierungsf\u00e4higkeit f\u00fcr verschiedene Landepositionen und Rotationen nicht wegzudenken. Durch die Variation der Sprungh\u00f6he, der Rotationsgeschwindigkeit oder Winkelstellungen der Gelenke ben\u00f6tigen die Kinder eine hohe Differenzierungsf\u00e4higkeit.Das fortlaufende Be- und Entlasten w\u00e4hrend [&hellip;]<\/p>\n","protected":false},"author":1,"featured_media":0,"parent":0,"menu_order":0,"comment_status":"closed","ping_status":"closed","template":"","meta":{"_uag_custom_page_level_css":"","site-sidebar-layout":"no-sidebar","site-content-layout":"page-builder","ast-site-content-layout":"full-width-container","site-content-style":"unboxed","site-sidebar-style":"unboxed","ast-global-header-display":"","ast-banner-title-visibility":"","ast-main-header-display":"","ast-hfb-above-header-display":"","ast-hfb-below-header-display":"","ast-hfb-mobile-header-display":"","site-post-title":"disabled","ast-breadcrumbs-content":"","ast-featured-img":"disabled","footer-sml-layout":"","theme-transparent-header-meta":"default","adv-header-id-meta":"","stick-header-meta":"","header-above-stick-meta":"","header-main-stick-meta":"","header-below-stick-meta":"","astra-migrate-meta-layouts":"set","ast-page-background-enabled":"default","ast-page-background-meta":{"desktop":{"background-color":"","background-image":"","background-repeat":"repeat","background-position":"center center","background-size":"auto","background-attachment":"scroll","background-type":"","background-media":"","overlay-type":"","overlay-color":"","overlay-opacity":"","overlay-gradient":""},"tablet":{"background-color":"","background-image":"","background-repeat":"repeat","background-position":"center center","background-size":"auto","background-attachment":"scroll","background-type":"","background-media":"","overlay-type":"","overlay-color":"","overlay-opacity":"","overlay-gradient":""},"mobile":{"background-color":"","background-image":"","background-repeat":"repeat","background-position":"center center","background-size":"auto","background-attachment":"scroll","background-type":"","background-media":"","overlay-type":"","overlay-color":"","overlay-opacity":"","overlay-gradient":""}},"ast-content-background-meta":{"desktop":{"background-color":"var(--ast-global-color-5)","background-image":"","background-repeat":"repeat","background-position":"center center","background-size":"auto","background-attachment":"scroll","background-type":"","background-media":"","overlay-type":"","overlay-color":"","overlay-opacity":"","overlay-gradient":""},"tablet":{"background-color":"var(--ast-global-color-5)","background-image":"","background-repeat":"repeat","background-position":"center center","background-size":"auto","background-attachment":"scroll","background-type":"","background-media":"","overlay-type":"","overlay-color":"","overlay-opacity":"","overlay-gradient":""},"mobile":{"background-color":"var(--ast-global-color-5)","background-image":"","background-repeat":"repeat","background-position":"center center","background-size":"auto","background-attachment":"scroll","background-type":"","background-media":"","overlay-type":"","overlay-color":"","overlay-opacity":"","overlay-gradient":""}},"footnotes":""},"class_list":["post-1373","page","type-page","status-publish","hentry"],"uagb_featured_image_src":{"full":false,"thumbnail":false,"medium":false,"medium_large":false,"large":false,"1536x1536":false,"2048x2048":false},"uagb_author_info":{"display_name":"ercan","author_link":"https:\/\/kangurutrampolin.de\/2024\/author\/ercan\/"},"uagb_comment_info":0,"uagb_excerpt":"Gleichgewicht &amp; Rhytmik f\u00f6rdern Die sensomotorische Entwicklung der Kinder kann mit einem Trampolin gef\u00f6rdert werden.Neben Gleichgewichts\u00fcbungen sind auch Rhythmisierungsf\u00e4higkeiten die Grundlage jedes Sprungs.Zus\u00e4tzlich ist eine Orientierungsf\u00e4higkeit f\u00fcr verschiedene Landepositionen und Rotationen nicht wegzudenken. Durch die Variation der Sprungh\u00f6he, der Rotationsgeschwindigkeit oder Winkelstellungen der Gelenke ben\u00f6tigen die Kinder eine hohe Differenzierungsf\u00e4higkeit.Das fortlaufende Be- und Entlasten w\u00e4hrend&hellip;","_links":{"self":[{"href":"https:\/\/kangurutrampolin.de\/2024\/wp-json\/wp\/v2\/pages\/1373","targetHints":{"allow":["GET"]}}],"collection":[{"href":"https:\/\/kangurutrampolin.de\/2024\/wp-json\/wp\/v2\/pages"}],"about":[{"href":"https:\/\/kangurutrampolin.de\/2024\/wp-json\/wp\/v2\/types\/page"}],"author":[{"embeddable":true,"href":"https:\/\/kangurutrampolin.de\/2024\/wp-json\/wp\/v2\/users\/1"}],"replies":[{"embeddable":true,"href":"https:\/\/kangurutrampolin.de\/2024\/wp-json\/wp\/v2\/comments?post=1373"}],"version-history":[{"count":32,"href":"https:\/\/kangurutrampolin.de\/2024\/wp-json\/wp\/v2\/pages\/1373\/revisions"}],"predecessor-version":[{"id":1705,"href":"https:\/\/kangurutrampolin.de\/2024\/wp-json\/wp\/v2\/pages\/1373\/revisions\/1705"}],"wp:attachment":[{"href":"https:\/\/kangurutrampolin.de\/2024\/wp-json\/wp\/v2\/media?parent=1373"}],"curies":[{"name":"wp","href":"https:\/\/api.w.org\/{rel}","templated":true}]}}