{"id":1399,"date":"2024-06-30T19:44:24","date_gmt":"2024-06-30T17:44:24","guid":{"rendered":"https:\/\/kangurutrampolin.de\/2024\/about-us\/"},"modified":"2024-07-14T17:41:49","modified_gmt":"2024-07-14T15:41:49","slug":"about-us","status":"publish","type":"page","link":"https:\/\/kangurutrampolin.de\/2024\/about-us\/","title":{"rendered":"Preise"},"content":{"rendered":"\n<div class=\"wp-block-uagb-container uagb-layout-grid uagb-block-15265ce8 alignfull uagb-is-root-container\"><div class=\"uagb-container-inner-blocks-wrap\">\n<div class=\"wp-block-uagb-container uagb-block-7f139f8b\">\n<div class=\"wp-block-uagb-container uagb-block-1446e24d\">\n<div class=\"wp-block-uagb-advanced-heading uagb-block-2983a8e8\"><h1 class=\"uagb-heading-text\">Einfach &amp; unkompliziert<\/h1><p class=\"uagb-desc-text\">Einfache Preisgestaltung. 4 Optionen<\/p><\/div>\n<\/div>\n\n\n\n<figure class=\"wp-block-image alignright size-full is-resized\"><img loading=\"lazy\" decoding=\"async\" width=\"270\" height=\"450\" src=\"https:\/\/kangurutrampolin.de\/2024\/wp-content\/uploads\/2024\/07\/junge.png\" alt=\"\" class=\"wp-image-1631\" style=\"width:auto;height:400px\" srcset=\"https:\/\/kangurutrampolin.de\/2024\/wp-content\/uploads\/2024\/07\/junge.png 270w, https:\/\/kangurutrampolin.de\/2024\/wp-content\/uploads\/2024\/07\/junge-180x300.png 180w\" sizes=\"auto, (max-width: 270px) 100vw, 270px\" \/><\/figure>\n<\/div>\n<\/div><\/div>\n\n\n\n<div class=\"wp-block-uagb-container uagb-block-40bc0ef5 alignfull uagb-is-root-container\"><div class=\"uagb-container-inner-blocks-wrap\">\n<div class=\"wp-block-uagb-container uagb-block-10581099\">\n<div class=\"wp-block-uagb-advanced-heading uagb-block-c5646d00\"><h2 class=\"uagb-heading-text\">Unsere Preise<\/h2><p class=\"uagb-desc-text\">Nicht nur das Rumspringen macht spa\u00df, sondern auch weniger Zahlen. Wir bieten Sparkarten an. Sie k\u00f6nnen dabei richtig sparen. Auch als Geschenk freuen sich sehr viele Kinder darauf.<\/p><\/div>\n<\/div>\n<\/div><\/div>\n\n\n\n<div class=\"wp-block-columns is-layout-flex wp-container-core-columns-is-layout-28f84493 wp-block-columns-is-layout-flex\">\n<div class=\"wp-block-column is-layout-flow wp-block-column-is-layout-flow\">\n<div class=\"wp-block-columns is-layout-flex wp-container-core-columns-is-layout-28f84493 wp-block-columns-is-layout-flex\">\n<div class=\"wp-block-column is-layout-flow wp-block-column-is-layout-flow\">\n<h4 class=\"wp-block-heading has-text-align-left\">Regul\u00e4r<\/h4>\n\n\n\n<p>5 Minuten 1,50 \u20ac<\/p>\n\n\n\n<p>10 Minuten 3,00 \u20ac<\/p>\n\n\n\n<p>15 Minuten 4,00 \u20ac<\/p>\n\n\n\n<p>30 Minuten 7,00 \u20ac<\/p>\n<\/div>\n\n\n\n<div class=\"wp-block-column is-layout-flow wp-block-column-is-layout-flow\">\n<h4 class=\"wp-block-heading has-text-align-left\">Sparkarte 12<\/h4>\n\n\n\n<p><strong>Preis: 12,00 \u20ac<\/strong><\/p>\n\n\n\n<p>Ersparnis: 6,00 \u20ac<\/p>\n\n\n\n<p>40 Minuten (8&#215;5 Minuten)<\/p>\n\n\n\n<p>+20 Minuten Gratis<\/p>\n<\/div>\n<\/div>\n<\/div>\n\n\n\n<div class=\"wp-block-column is-layout-flow wp-block-column-is-layout-flow\">\n<div class=\"wp-block-columns is-layout-flex wp-container-core-columns-is-layout-28f84493 wp-block-columns-is-layout-flex\">\n<div class=\"wp-block-column is-layout-flow wp-block-column-is-layout-flow\">\n<h4 class=\"wp-block-heading has-text-align-left\">Sparkarte 20<\/h4>\n\n\n\n<p><strong>Preis: 20,00 \u20ac<\/strong><\/p>\n\n\n\n<p>Ersparnis: 14,50 \u20ac<\/p>\n\n\n\n<p>70 Minuten (14&#215;5 Minuten)<\/p>\n\n\n\n<p>+45 Minuten Gratis<\/p>\n<\/div>\n\n\n\n<div class=\"wp-block-column is-layout-flow wp-block-column-is-layout-flow\">\n<h4 class=\"wp-block-heading has-text-align-left\">Sparkarte 30<\/h4>\n\n\n\n<p><strong>Preis: 30,00 \u20ac<\/strong><\/p>\n\n\n\n<p>Ersparnis: 30,00 \u20ac<\/p>\n\n\n\n<p>100 Minuten (20&#215;5 Minuten)<\/p>\n\n\n\n<p>+100 Minuten Gratis<\/p>\n<\/div>\n<\/div>\n<\/div>\n<\/div>\n\n\n\n<div class=\"wp-block-columns alignfull are-vertically-aligned-center has-border-color has-ast-global-color-0-border-color is-layout-flex wp-container-core-columns-is-layout-28f84493 wp-block-columns-is-layout-flex\" style=\"border-style:dashed;border-width:7px\">\n<div class=\"wp-block-column is-vertically-aligned-center is-layout-flow wp-block-column-is-layout-flow\">\n<h4 class=\"wp-block-heading has-text-align-center\">Familienkarte 50<\/h4>\n\n\n\n<p class=\"has-text-align-center\"><strong>Preis: 50,00 \u20ac<\/strong><\/p>\n\n\n\n<p class=\"has-text-align-center\">Ersparnis: 55,00 \u20ac<\/p>\n\n\n\n<p class=\"has-text-align-center\">170 Minuten (34&#215;5 Minuten)<\/p>\n\n\n\n<p class=\"has-text-align-center\">+180 Minuten Gratis<\/p>\n<\/div>\n<\/div>\n","protected":false},"excerpt":{"rendered":"<p>Einfach &amp; unkompliziert Einfache Preisgestaltung. 4 Optionen Unsere Preise Nicht nur das Rumspringen macht spa\u00df, sondern auch weniger Zahlen. Wir bieten Sparkarten an. Sie k\u00f6nnen dabei richtig sparen. Auch als Geschenk freuen sich sehr viele Kinder darauf. Regul\u00e4r 5 Minuten 1,50 \u20ac 10 Minuten 3,00 \u20ac 15 Minuten 4,00 \u20ac 30 Minuten 7,00 \u20ac Sparkarte [&hellip;]<\/p>\n","protected":false},"author":1,"featured_media":0,"parent":0,"menu_order":0,"comment_status":"closed","ping_status":"closed","template":"","meta":{"_uag_custom_page_level_css":"","site-sidebar-layout":"default","site-content-layout":"page-builder","ast-site-content-layout":"full-width-container","site-content-style":"unboxed","site-sidebar-style":"unboxed","ast-global-header-display":"","ast-banner-title-visibility":"","ast-main-header-display":"","ast-hfb-above-header-display":"","ast-hfb-below-header-display":"","ast-hfb-mobile-header-display":"","site-post-title":"disabled","ast-breadcrumbs-content":"","ast-featured-img":"","footer-sml-layout":"","theme-transparent-header-meta":"","adv-header-id-meta":"","stick-header-meta":"","header-above-stick-meta":"","header-main-stick-meta":"","header-below-stick-meta":"","astra-migrate-meta-layouts":"set","ast-page-background-enabled":"default","ast-page-background-meta":{"desktop":{"background-color":"","background-image":"","background-repeat":"repeat","background-position":"center center","background-size":"auto","background-attachment":"scroll","background-type":"","background-media":"","overlay-type":"","overlay-color":"","overlay-opacity":"","overlay-gradient":""},"tablet":{"background-color":"","background-image":"","background-repeat":"repeat","background-position":"center center","background-size":"auto","background-attachment":"scroll","background-type":"","background-media":"","overlay-type":"","overlay-color":"","overlay-opacity":"","overlay-gradient":""},"mobile":{"background-color":"","background-image":"","background-repeat":"repeat","background-position":"center center","background-size":"auto","background-attachment":"scroll","background-type":"","background-media":"","overlay-type":"","overlay-color":"","overlay-opacity":"","overlay-gradient":""}},"ast-content-background-meta":{"desktop":{"background-color":"var(--ast-global-color-5)","background-image":"","background-repeat":"repeat","background-position":"center center","background-size":"auto","background-attachment":"scroll","background-type":"","background-media":"","overlay-type":"","overlay-color":"","overlay-opacity":"","overlay-gradient":""},"tablet":{"background-color":"var(--ast-global-color-5)","background-image":"","background-repeat":"repeat","background-position":"center center","background-size":"auto","background-attachment":"scroll","background-type":"","background-media":"","overlay-type":"","overlay-color":"","overlay-opacity":"","overlay-gradient":""},"mobile":{"background-color":"var(--ast-global-color-5)","background-image":"","background-repeat":"repeat","background-position":"center center","background-size":"auto","background-attachment":"scroll","background-type":"","background-media":"","overlay-type":"","overlay-color":"","overlay-opacity":"","overlay-gradient":""}},"footnotes":""},"class_list":["post-1399","page","type-page","status-publish","hentry"],"uagb_featured_image_src":{"full":false,"thumbnail":false,"medium":false,"medium_large":false,"large":false,"1536x1536":false,"2048x2048":false},"uagb_author_info":{"display_name":"ercan","author_link":"https:\/\/kangurutrampolin.de\/2024\/author\/ercan\/"},"uagb_comment_info":0,"uagb_excerpt":"Einfach &amp; unkompliziert Einfache Preisgestaltung. 4 Optionen Unsere Preise Nicht nur das Rumspringen macht spa\u00df, sondern auch weniger Zahlen. Wir bieten Sparkarten an. Sie k\u00f6nnen dabei richtig sparen. Auch als Geschenk freuen sich sehr viele Kinder darauf. Regul\u00e4r 5 Minuten 1,50 \u20ac 10 Minuten 3,00 \u20ac 15 Minuten 4,00 \u20ac 30 Minuten 7,00 \u20ac Sparkarte&hellip;","_links":{"self":[{"href":"https:\/\/kangurutrampolin.de\/2024\/wp-json\/wp\/v2\/pages\/1399","targetHints":{"allow":["GET"]}}],"collection":[{"href":"https:\/\/kangurutrampolin.de\/2024\/wp-json\/wp\/v2\/pages"}],"about":[{"href":"https:\/\/kangurutrampolin.de\/2024\/wp-json\/wp\/v2\/types\/page"}],"author":[{"embeddable":true,"href":"https:\/\/kangurutrampolin.de\/2024\/wp-json\/wp\/v2\/users\/1"}],"replies":[{"embeddable":true,"href":"https:\/\/kangurutrampolin.de\/2024\/wp-json\/wp\/v2\/comments?post=1399"}],"version-history":[{"count":13,"href":"https:\/\/kangurutrampolin.de\/2024\/wp-json\/wp\/v2\/pages\/1399\/revisions"}],"predecessor-version":[{"id":1681,"href":"https:\/\/kangurutrampolin.de\/2024\/wp-json\/wp\/v2\/pages\/1399\/revisions\/1681"}],"wp:attachment":[{"href":"https:\/\/kangurutrampolin.de\/2024\/wp-json\/wp\/v2\/media?parent=1399"}],"curies":[{"name":"wp","href":"https:\/\/api.w.org\/{rel}","templated":true}]}}