{"id":1673,"date":"2024-07-14T18:00:07","date_gmt":"2024-07-14T16:00:07","guid":{"rendered":"https:\/\/kangurutrampolin.de\/2024\/?page_id=1673"},"modified":"2024-07-14T18:17:05","modified_gmt":"2024-07-14T16:17:05","slug":"vermietung","status":"publish","type":"page","link":"https:\/\/kangurutrampolin.de\/2024\/vermietung\/","title":{"rendered":"Vermietung"},"content":{"rendered":"\n<div class=\"wp-block-uagb-container uagb-block-f353d793 alignfull uagb-is-root-container\"><div class=\"uagb-container-inner-blocks-wrap\">\n<div class=\"wp-block-uagb-container uagb-block-5ee2d6b3\">\n<div class=\"wp-block-uagb-image aligncenter uagb-block-c29cef06 wp-block-uagb-image--layout-default wp-block-uagb-image--effect-static wp-block-uagb-image--align-center\"><figure class=\"wp-block-uagb-image__figure\"><img decoding=\"async\" srcset=\"https:\/\/kangurutrampolin.de\/2024\/wp-content\/uploads\/2024\/06\/maedchen-106x300.png ,https:\/\/kangurutrampolin.de\/2024\/wp-content\/uploads\/2024\/06\/maedchen.png 780w, https:\/\/kangurutrampolin.de\/2024\/wp-content\/uploads\/2024\/06\/maedchen.png 360w\" sizes=\"auto, (max-width: 480px) 150px\" src=\"https:\/\/kangurutrampolin.de\/2024\/wp-content\/uploads\/2024\/06\/maedchen-106x300.png\" alt=\"\" class=\"uag-image-1596\" width=\"111\" height=\"309\" title=\"maedchen\" loading=\"lazy\" role=\"img\"\/><\/figure><\/div>\n<\/div>\n\n\n\n<div class=\"wp-block-uagb-container uagb-block-49961fae\">\n<div class=\"wp-block-uagb-advanced-heading uagb-block-3387cf5a\"><h6 class=\"uagb-heading-text\">Beliebtes Ausflugsziel<\/h6><\/div>\n\n\n\n<div class=\"wp-block-uagb-icon-list uagb-block-c7e84f11\"><div class=\"uagb-icon-list__wrap\">\n<div class=\"wp-block-uagb-icon-list-child uagb-block-9314c67c\"><span class=\"uagb-icon-list__source-wrap\"><svg xmlns=\"https:\/\/www.w3.org\/2000\/svg\" viewBox=\"0 0 448 512\"><path d=\"M246.6 233.4l-160-160c-12.5-12.5-32.75-12.5-45.25 0s-12.5 32.75 0 45.25L178.8 256l-137.4 137.4c-12.5 12.5-12.5 32.75 0 45.25C47.63 444.9 55.81 448 64 448s16.38-3.125 22.62-9.375l160-160C259.1 266.1 259.1 245.9 246.6 233.4zM438.6 233.4l-160-160c-12.5-12.5-32.75-12.5-45.25 0s-12.5 32.75 0 45.25L370.8 256l-137.4 137.4c-12.5 12.5-12.5 32.75 0 45.25C239.6 444.9 247.8 448 256 448s16.38-3.125 22.62-9.375l160-160C451.1 266.1 451.1 245.9 438.6 233.4z\"><\/path><\/svg><\/span><span class=\"uagb-icon-list__label\">f\u00fcr Kindergeburtstage<\/span><\/div>\n\n\n\n<div class=\"wp-block-uagb-icon-list-child uagb-block-3d883a53\"><span class=\"uagb-icon-list__source-wrap\"><svg xmlns=\"https:\/\/www.w3.org\/2000\/svg\" viewBox=\"0 0 448 512\"><path d=\"M246.6 233.4l-160-160c-12.5-12.5-32.75-12.5-45.25 0s-12.5 32.75 0 45.25L178.8 256l-137.4 137.4c-12.5 12.5-12.5 32.75 0 45.25C47.63 444.9 55.81 448 64 448s16.38-3.125 22.62-9.375l160-160C259.1 266.1 259.1 245.9 246.6 233.4zM438.6 233.4l-160-160c-12.5-12.5-32.75-12.5-45.25 0s-12.5 32.75 0 45.25L370.8 256l-137.4 137.4c-12.5 12.5-12.5 32.75 0 45.25C239.6 444.9 247.8 448 256 448s16.38-3.125 22.62-9.375l160-160C451.1 266.1 451.1 245.9 438.6 233.4z\"><\/path><\/svg><\/span><span class=\"uagb-icon-list__label\">Schulklassen<\/span><\/div>\n\n\n\n<div class=\"wp-block-uagb-icon-list-child uagb-block-3e40d0f9\"><span class=\"uagb-icon-list__source-wrap\"><svg xmlns=\"https:\/\/www.w3.org\/2000\/svg\" viewBox=\"0 0 448 512\"><path d=\"M246.6 233.4l-160-160c-12.5-12.5-32.75-12.5-45.25 0s-12.5 32.75 0 45.25L178.8 256l-137.4 137.4c-12.5 12.5-12.5 32.75 0 45.25C47.63 444.9 55.81 448 64 448s16.38-3.125 22.62-9.375l160-160C259.1 266.1 259.1 245.9 246.6 233.4zM438.6 233.4l-160-160c-12.5-12.5-32.75-12.5-45.25 0s-12.5 32.75 0 45.25L370.8 256l-137.4 137.4c-12.5 12.5-12.5 32.75 0 45.25C239.6 444.9 247.8 448 256 448s16.38-3.125 22.62-9.375l160-160C451.1 266.1 451.1 245.9 438.6 233.4z\"><\/path><\/svg><\/span><span class=\"uagb-icon-list__label\">Betriebsausfl\u00fcge<\/span><\/div>\n\n\n\n<div class=\"wp-block-uagb-icon-list-child uagb-block-074c083e\"><span class=\"uagb-icon-list__source-wrap\"><svg xmlns=\"https:\/\/www.w3.org\/2000\/svg\" viewBox=\"0 0 448 512\"><path d=\"M246.6 233.4l-160-160c-12.5-12.5-32.75-12.5-45.25 0s-12.5 32.75 0 45.25L178.8 256l-137.4 137.4c-12.5 12.5-12.5 32.75 0 45.25C47.63 444.9 55.81 448 64 448s16.38-3.125 22.62-9.375l160-160C259.1 266.1 259.1 245.9 246.6 233.4zM438.6 233.4l-160-160c-12.5-12.5-32.75-12.5-45.25 0s-12.5 32.75 0 45.25L370.8 256l-137.4 137.4c-12.5 12.5-12.5 32.75 0 45.25C239.6 444.9 247.8 448 256 448s16.38-3.125 22.62-9.375l160-160C451.1 266.1 451.1 245.9 438.6 233.4z\"><\/path><\/svg><\/span><span class=\"uagb-icon-list__label\">Vereine u0026amp; Gruppen<\/span><\/div>\n<\/div><\/div>\n<\/div>\n<\/div><\/div>\n\n\n\n<div class=\"wp-block-uagb-container uagb-block-89c2ee0a alignfull uagb-is-root-container\"><div class=\"uagb-container-inner-blocks-wrap\">\n<div class=\"wp-block-uagb-container uagb-block-9ee7e22e\">\n<div class=\"wp-block-uagb-advanced-heading uagb-block-5e449d13\"><h2 class=\"uagb-heading-text\">Unsere Anlage komplett mietbar!<\/h2><p class=\"uagb-desc-text\">Die Kangurutrampolinanlagen an der Regelsbacherstrasse 56, 90431 und beim Zeppelinfeld am Dutzendteich n\u00e4he Arena Eisstadion ist ein beliebtes Ausflugsziel f\u00fcr Kindergeburtstage, Schulklassen, Betriebsausfl\u00fcge, Gruppen und Vereine aus Nah und Fern. Vor allem weil sie unsere Anlagen komplett Mieten k\u00f6nnen.<\/p><div class=\"uagb-separator\"><\/div><\/div>\n<\/div>\n<\/div><\/div>\n\n\n\n<div class=\"wp-block-group is-layout-constrained wp-block-group-is-layout-constrained\">\n<div class=\"wp-block-group is-layout-constrained wp-block-group-is-layout-constrained\">\n<div class=\"wp-block-uagb-container uagb-block-1021e267 alignfull uagb-is-root-container\"><div class=\"uagb-container-inner-blocks-wrap\">\n<div class=\"wp-block-columns is-layout-flex wp-container-core-columns-is-layout-28f84493 wp-block-columns-is-layout-flex\">\n<div class=\"wp-block-column is-layout-flow wp-block-column-is-layout-flow\">\n<div class=\"wp-block-uagb-info-box uagb-block-a87fe00e uagb-infobox__content-wrap  uagb-infobox-icon-above-title uagb-infobox-image-valign-top\"><div class=\"uagb-ifb-content\"><div class=\"uagb-ifb-title-wrap\"><h3 class=\"uagb-ifb-title\">zu den Hauptzeiten 15:00 &#8211; 19:00 <\/h3><\/div><\/div><\/div>\n<\/div>\n\n\n\n<div class=\"wp-block-column is-layout-flow wp-block-column-is-layout-flow\">\n<div class=\"wp-block-uagb-info-box uagb-block-40f3666c uagb-infobox__content-wrap  uagb-infobox-icon-above-title uagb-infobox-image-valign-top\"><div class=\"uagb-ifb-content\"><div class=\"uagb-ifb-title-wrap\"><h3 class=\"uagb-ifb-title\">au\u00dferhalb der Hauptzeiten <\/h3><\/div><\/div><\/div>\n<\/div>\n<\/div>\n<\/div><\/div>\n\n\n\n<div class=\"wp-block-columns is-layout-flex wp-container-core-columns-is-layout-28f84493 wp-block-columns-is-layout-flex\">\n<div class=\"wp-block-column is-layout-flow wp-block-column-is-layout-flow\">\n<div class=\"wp-block-columns is-layout-flex wp-container-core-columns-is-layout-28f84493 wp-block-columns-is-layout-flex\">\n<div class=\"wp-block-column is-layout-flow wp-block-column-is-layout-flow\">\n<div class=\"wp-block-uagb-info-box uagb-block-0adf652d uagb-infobox__content-wrap  uagb-infobox-icon-above-title uagb-infobox-image-valign-top\"><div class=\"uagb-ifb-content\"><div class=\"uagb-ifb-title-wrap\"><h3 class=\"uagb-ifb-title\">Montags-Freitags<\/h3><\/div><p class=\"uagb-ifb-desc\">30 Minuten 50\u20ac<br>60 Minuten 80\u20ac<\/p><\/div><\/div>\n<\/div>\n\n\n\n<div class=\"wp-block-column is-layout-flow wp-block-column-is-layout-flow\">\n<div class=\"wp-block-uagb-info-box uagb-block-0e03089c uagb-infobox__content-wrap  uagb-infobox-icon-above-title uagb-infobox-image-valign-top\"><div class=\"uagb-ifb-content\"><div class=\"uagb-ifb-title-wrap\"><h3 class=\"uagb-ifb-title\">Samstage<\/h3><\/div><p class=\"uagb-ifb-desc\">30 Minuten 60\u20ac<br>60 Minuten 100\u20ac<\/p><\/div><\/div>\n<\/div>\n<\/div>\n<\/div>\n\n\n\n<div class=\"wp-block-column is-layout-flow wp-block-column-is-layout-flow\">\n<div class=\"wp-block-columns is-layout-flex wp-container-core-columns-is-layout-28f84493 wp-block-columns-is-layout-flex\">\n<div class=\"wp-block-column is-layout-flow wp-block-column-is-layout-flow\">\n<div class=\"wp-block-uagb-info-box uagb-block-ebed711e uagb-infobox__content-wrap  uagb-infobox-icon-above-title uagb-infobox-image-valign-top\"><div class=\"uagb-ifb-content\"><div class=\"uagb-ifb-title-wrap\"><h3 class=\"uagb-ifb-title\">Montags-Freitags<\/h3><\/div><p class=\"uagb-ifb-desc\">30 Minuten 40\u20ac<br>60 Minuten 60\u20ac<\/p><\/div><\/div>\n<\/div>\n\n\n\n<div class=\"wp-block-column is-layout-flow wp-block-column-is-layout-flow\">\n<div class=\"wp-block-uagb-info-box uagb-block-8aff13e7 uagb-infobox__content-wrap  uagb-infobox-icon-above-title uagb-infobox-image-valign-top\"><div class=\"uagb-ifb-content\"><div class=\"uagb-ifb-title-wrap\"><h3 class=\"uagb-ifb-title\">Samstage<\/h3><\/div><p class=\"uagb-ifb-desc\">30 Minuten 50\u20ac<br>60 Minuten 80\u20ac<\/p><\/div><\/div>\n<\/div>\n<\/div>\n<\/div>\n<\/div>\n<\/div>\n\n\n\n<div class=\"wp-block-columns is-layout-flex wp-container-core-columns-is-layout-28f84493 wp-block-columns-is-layout-flex\">\n<div class=\"wp-block-column is-layout-flow wp-block-column-is-layout-flow\">\n<div class=\"wp-block-uagb-info-box uagb-block-16f1998a uagb-infobox__content-wrap  uagb-infobox-icon-above-title uagb-infobox-image-valign-top\"><div class=\"uagb-ifb-content\"><div class=\"uagb-ifb-title-wrap\"><h3 class=\"uagb-ifb-title\">Sonn-&amp; Feiertage<\/h3><\/div><p class=\"uagb-ifb-desc\">60 Minuten 120\u20ac<\/p><\/div><\/div>\n<\/div>\n<\/div>\n<\/div>\n\n\n\n<div class=\"wp-block-uagb-container uagb-block-9b707797 alignfull uagb-is-root-container\"><div class=\"uagb-container-inner-blocks-wrap\">\n<div class=\"wp-block-uagb-container uagb-block-122faca8\">\n<div class=\"wp-block-uagb-info-box uagb-block-d8dcd77f uagb-infobox__content-wrap  uagb-infobox-icon-above-title uagb-infobox-image-valign-top\"><div class=\"uagb-ifb-content\"><div class=\"uagb-ifb-title-wrap\"><h1 class=\"uagb-ifb-title\">Es ist ein unbeschreibliches Gef\u00fchl So viele Menschen begeistern zu k\u00f6nnen!<\/h1><\/div><p class=\"uagb-ifb-desc\">Immer mehr Interessieren sich f\u00fcr das Trampolinspringen.<\/p><\/div><\/div>\n<\/div>\n\n\n\n<div class=\"wp-block-uagb-container uagb-block-6a67a0e8\">\n<div class=\"wp-block-uagb-advanced-heading uagb-block-993c81e1\"><h5 class=\"uagb-heading-text\">Kontaktformular<\/h5><p class=\"uagb-desc-text\">Senden Sie uns Ihre Nachricht<\/p><\/div>\n\n\n\n<div class=\"wp-block-uagb-forms uagb-forms__outer-wrap uagb-block-a3324047 uagb-forms__medium-btn\"><form class=\"uagb-forms-main-form\" method=\"post\" autocomplete=\"on\" name=\"uagb-form-a3324047\">\n<div class=\"wp-block-uagb-forms-name uagb-forms-name-wrap uagb-forms-field-set uagb-block-3d9318f3\"><div class=\"uagb-forms-name-label required uagb-forms-input-label\" id=\"3d9318f3\">Name<\/div><input type=\"text\" placeholder=\"Ihr Name\" required class=\"uagb-forms-name-input uagb-forms-input\" name=\"3d9318f3\" autocomplete=\"given-name\"\/><\/div>\n\n\n\n<div class=\"wp-block-uagb-forms-email uagb-forms-email-wrap uagb-forms-field-set uagb-block-2c312d11\"><div class=\"uagb-forms-email-label required uagb-forms-input-label\" id=\"2c312d11\">Email<\/div><input type=\"email\" class=\"uagb-forms-email-input uagb-forms-input\" placeholder=\"Ihre Email-Adresse\" required name=\"2c312d11\" autocomplete=\"email\"\/><\/div>\n\n\n\n<div class=\"wp-block-uagb-forms-email uagb-forms-email-wrap uagb-forms-field-set uagb-block-0746c614\"><div class=\"uagb-forms-email-label required uagb-forms-input-label\" id=\"0746c614\">Subject<\/div><input type=\"email\" class=\"uagb-forms-email-input uagb-forms-input\" placeholder=\"R\u00fcckrufnummer\" required name=\"0746c614\" autocomplete=\"off\"\/><\/div>\n\n\n\n<div class=\"wp-block-uagb-forms-email uagb-forms-email-wrap uagb-forms-field-set uagb-block-8297d009\"><div class=\"uagb-forms-email-label required uagb-forms-input-label\" id=\"8297d009\">Subject<\/div><input type=\"email\" class=\"uagb-forms-email-input uagb-forms-input\" placeholder=\"Betreff\" required name=\"8297d009\" autocomplete=\"off\"\/><\/div>\n\n\n\n<div class=\"wp-block-uagb-forms-textarea uagb-forms-textarea-wrap uagb-forms-field-set uagb-block-70ff65a0\"><div class=\"uagb-forms-textarea-label required uagb-forms-input-label\" id=\"70ff65a0\">Message<\/div><textarea required class=\"uagb-forms-textarea-input uagb-forms-input\" rows=\"4\" placeholder=\"Ihre Nachricht\" name=\"70ff65a0\" autocomplete=\"off\"><\/textarea><\/div>\n<div class=\"uagb-forms-form-hidden-data\"><input type=\"hidden\" class=\"uagb_forms_form_label\" value=\"Spectra Form\"\/><input type=\"hidden\" class=\"uagb_forms_form_id\" value=\"uagb-form-a3324047\"\/><\/div><div class=\"uagb-form-reacaptcha-error-a3324047\"><\/div><div class=\"uagb-forms-main-submit-button-wrap wp-block-button\"><button class=\"uagb-forms-main-submit-button wp-block-button__link\"><div class=\"uagb-forms-main-submit-button-text\">Senden<\/div><\/button><\/div><\/form><div class=\"uagb-forms-success-message-a3324047 uagb-forms-submit-message-hide\"><span>Ihre Nachricht wurde erfolgreich versendet.<\/span><\/div><div class=\"uagb-forms-failed-message-a3324047 uagb-forms-submit-message-hide\"><span>Es gab ein Problem beim Senden Ihrer Nachricht. Bitte f\u00fcllen Sie alle Felder erneut aus.<\/span><\/div><\/div>\n<\/div>\n<\/div><\/div>\n","protected":false},"excerpt":{"rendered":"<p>Beliebtes Ausflugsziel Unsere Anlage komplett mietbar! Die Kangurutrampolinanlagen an der Regelsbacherstrasse 56, 90431 und beim Zeppelinfeld am Dutzendteich n\u00e4he Arena Eisstadion ist ein beliebtes Ausflugsziel f\u00fcr Kindergeburtstage, Schulklassen, Betriebsausfl\u00fcge, Gruppen und Vereine aus Nah und Fern. Vor allem weil sie unsere Anlagen komplett Mieten k\u00f6nnen. Kontaktformular Senden Sie uns Ihre Nachricht<\/p>\n","protected":false},"author":1,"featured_media":0,"parent":0,"menu_order":0,"comment_status":"closed","ping_status":"closed","template":"","meta":{"_uag_custom_page_level_css":"","site-sidebar-layout":"no-sidebar","site-content-layout":"page-builder","ast-site-content-layout":"full-width-container","site-content-style":"unboxed","site-sidebar-style":"unboxed","ast-global-header-display":"","ast-banner-title-visibility":"","ast-main-header-display":"","ast-hfb-above-header-display":"","ast-hfb-below-header-display":"","ast-hfb-mobile-header-display":"","site-post-title":"disabled","ast-breadcrumbs-content":"","ast-featured-img":"disabled","footer-sml-layout":"","theme-transparent-header-meta":"default","adv-header-id-meta":"","stick-header-meta":"","header-above-stick-meta":"","header-main-stick-meta":"","header-below-stick-meta":"","astra-migrate-meta-layouts":"set","ast-page-background-enabled":"default","ast-page-background-meta":{"desktop":{"background-color":"","background-image":"","background-repeat":"repeat","background-position":"center center","background-size":"auto","background-attachment":"scroll","background-type":"","background-media":"","overlay-type":"","overlay-color":"","overlay-opacity":"","overlay-gradient":""},"tablet":{"background-color":"","background-image":"","background-repeat":"repeat","background-position":"center center","background-size":"auto","background-attachment":"scroll","background-type":"","background-media":"","overlay-type":"","overlay-color":"","overlay-opacity":"","overlay-gradient":""},"mobile":{"background-color":"","background-image":"","background-repeat":"repeat","background-position":"center center","background-size":"auto","background-attachment":"scroll","background-type":"","background-media":"","overlay-type":"","overlay-color":"","overlay-opacity":"","overlay-gradient":""}},"ast-content-background-meta":{"desktop":{"background-color":"var(--ast-global-color-5)","background-image":"","background-repeat":"repeat","background-position":"center center","background-size":"auto","background-attachment":"scroll","background-type":"","background-media":"","overlay-type":"","overlay-color":"","overlay-opacity":"","overlay-gradient":""},"tablet":{"background-color":"var(--ast-global-color-5)","background-image":"","background-repeat":"repeat","background-position":"center center","background-size":"auto","background-attachment":"scroll","background-type":"","background-media":"","overlay-type":"","overlay-color":"","overlay-opacity":"","overlay-gradient":""},"mobile":{"background-color":"var(--ast-global-color-5)","background-image":"","background-repeat":"repeat","background-position":"center center","background-size":"auto","background-attachment":"scroll","background-type":"","background-media":"","overlay-type":"","overlay-color":"","overlay-opacity":"","overlay-gradient":""}},"footnotes":""},"class_list":["post-1673","page","type-page","status-publish","hentry"],"uagb_featured_image_src":{"full":false,"thumbnail":false,"medium":false,"medium_large":false,"large":false,"1536x1536":false,"2048x2048":false},"uagb_author_info":{"display_name":"ercan","author_link":"https:\/\/kangurutrampolin.de\/2024\/author\/ercan\/"},"uagb_comment_info":0,"uagb_excerpt":"Beliebtes Ausflugsziel Unsere Anlage komplett mietbar! Die Kangurutrampolinanlagen an der Regelsbacherstrasse 56, 90431 und beim Zeppelinfeld am Dutzendteich n\u00e4he Arena Eisstadion ist ein beliebtes Ausflugsziel f\u00fcr Kindergeburtstage, Schulklassen, Betriebsausfl\u00fcge, Gruppen und Vereine aus Nah und Fern. Vor allem weil sie unsere Anlagen komplett Mieten k\u00f6nnen. Kontaktformular Senden Sie uns Ihre Nachricht","_links":{"self":[{"href":"https:\/\/kangurutrampolin.de\/2024\/wp-json\/wp\/v2\/pages\/1673","targetHints":{"allow":["GET"]}}],"collection":[{"href":"https:\/\/kangurutrampolin.de\/2024\/wp-json\/wp\/v2\/pages"}],"about":[{"href":"https:\/\/kangurutrampolin.de\/2024\/wp-json\/wp\/v2\/types\/page"}],"author":[{"embeddable":true,"href":"https:\/\/kangurutrampolin.de\/2024\/wp-json\/wp\/v2\/users\/1"}],"replies":[{"embeddable":true,"href":"https:\/\/kangurutrampolin.de\/2024\/wp-json\/wp\/v2\/comments?post=1673"}],"version-history":[{"count":11,"href":"https:\/\/kangurutrampolin.de\/2024\/wp-json\/wp\/v2\/pages\/1673\/revisions"}],"predecessor-version":[{"id":1695,"href":"https:\/\/kangurutrampolin.de\/2024\/wp-json\/wp\/v2\/pages\/1673\/revisions\/1695"}],"wp:attachment":[{"href":"https:\/\/kangurutrampolin.de\/2024\/wp-json\/wp\/v2\/media?parent=1673"}],"curies":[{"name":"wp","href":"https:\/\/api.w.org\/{rel}","templated":true}]}}